{"id":17,"date":"2024-05-11T04:00:39","date_gmt":"2024-05-11T04:00:39","guid":{"rendered":"https:\/\/chispasconstruction2in1.com\/?page_id=17"},"modified":"2024-07-01T00:22:38","modified_gmt":"2024-07-01T00:22:38","slug":"gallery","status":"publish","type":"page","link":"https:\/\/chispasconstruction2in1.com\/es\/gallery\/","title":{"rendered":"Galeria"},"content":{"rendered":"<div class=\"wp-block-stackable-columns alignfull stk-block-columns stk--hide-tablet stk--hide-mobile stk-block stk-8849c3d stk-block-background stk--has-background-overlay\" data-block-id=\"8849c3d\"><style>.stk-8849c3d{background-color:#000000 !important;background-image:url(https:\/\/chispasconstruction2in1.com\/wp-content\/uploads\/2024\/05\/HOME-1.webp) !important;min-height:814px !important;align-items:center !important;margin-top:-65px !important;margin-bottom:-39px !important;display:flex !important}.stk-8849c3d:before{background-color:#000000 !important;opacity:0.7 !important}<\/style><div class=\"stk-row stk-inner-blocks stk-block-content stk-content-align stk-8849c3d-column alignfull\">\n<div class=\"wp-block-stackable-column stk-block-column stk-column stk-block stk-8af2fdb\" data-v=\"4\" data-block-id=\"8af2fdb\"><style>.stk-8af2fdb{align-self:center !important}.stk-8af2fdb-inner-blocks{align-items:center !important}<\/style><div class=\"stk-column-wrapper stk-block-column__content stk-container stk-8af2fdb-container stk--no-background stk--no-padding\"><div class=\"stk--column-flex stk-block-content stk-inner-blocks stk-8af2fdb-inner-blocks\">\n<div class=\"wp-block-stackable-heading stk-block-heading stk-block-heading--v2 stk-block stk-a532265\" id=\"feeling-lost-on-where-to-begin\" data-block-id=\"a532265\"><style>.stk-a532265 .stk-block-heading__text{color:var(--theme-palette-color-8,#ffffff) !important;font-weight:900 !important;font-family:\"Montserrat\",Sans-serif !important}<\/style><h2 class=\"stk-block-heading__text has-text-color\">\u00bfSE SIENTE P\u00c9RDIDO EN D\u00d3NDE EMPEZAR?<\/h2><\/div>\n\n\n\n<div class=\"wp-block-stackable-heading stk-block-heading stk-block-heading--v2 stk-block stk-6f570df\" id=\"feeling-lost-on-where-to-begin-dive-into-our-projects-for-guidance-and-inspiration\" data-block-id=\"6f570df\"><style>.stk-6f570df{margin-top:-26px !important}.stk-6f570df .stk-block-heading__text{font-size:57px !important;color:var(--theme-palette-color-8,#ffffff) !important;font-weight:900 !important;font-family:\"Montserrat\",Sans-serif !important}@media screen and (max-width:999px){.stk-6f570df .stk-block-heading__text{font-size:50px !important}}<\/style><h2 class=\"stk-block-heading__text has-text-color has-text-align-center\">SUMERGIRSE EN NUESTROS PROYECTOS PARA <br>ORIENTACI\u00d3N E INSPIRACI\u00d3N<\/h2><\/div>\n\n\n\n<div class=\"wp-block-stackable-button-group stk-block-button-group stk-block stk-eb21b7c\" data-block-id=\"eb21b7c\"><div class=\"stk-row stk-inner-blocks stk-block-content stk-button-group\">\n<div class=\"wp-block-stackable-button stk-block-button stk-block stk-38ba19b\" data-block-id=\"38ba19b\"><style>.stk-38ba19b .stk-button{padding-top:9px !important;padding-right:27px !important;padding-bottom:9px !important;padding-left:27px !important;background:#3b6aae !important}.stk-38ba19b .stk-button__inner-text{font-size:19px !important;font-weight:600 !important;font-family:\"Montserrat\",Sans-serif !important}@media screen and (max-width:999px){.stk-38ba19b .stk-button__inner-text{font-size:19px !important}}<\/style><a class=\"stk-link stk-button stk--hover-effect-darken\" href=\"https:\/\/chispasconstruction2in1.com\/es\/about\/\"><span class=\"stk-button__inner-text\">Contactanos<\/span><\/a><\/div>\n<\/div><\/div>\n<\/div><\/div><\/div>\n<\/div><\/div>\n\n\n\n<div class=\"wp-block-stackable-columns alignfull stk-block-columns stk--hide-desktop stk-block stk-752fac2 stk-block-background stk--has-background-overlay\" data-block-id=\"752fac2\"><style>.stk-752fac2{background-color:#000000 !important;background-image:url(https:\/\/chispasconstruction2in1.com\/wp-content\/uploads\/2024\/05\/HOME-1.webp) !important;min-height:814px !important;align-items:center !important;margin-top:-65px !important;margin-bottom:-39px !important;display:flex !important}.stk-752fac2:before{background-color:#000000 !important;opacity:0.7 !important}@media screen and (max-width:689px){.stk-752fac2{min-height:591px !important;margin-top:-89px !important}}<\/style><div class=\"stk-row stk-inner-blocks stk-block-content stk-content-align stk-752fac2-column alignfull\">\n<div class=\"wp-block-stackable-column stk-block-column stk-column stk-block stk-cc80ed3\" data-v=\"4\" data-block-id=\"cc80ed3\"><style>.stk-cc80ed3{align-self:center !important}.stk-cc80ed3-inner-blocks{align-items:center !important}<\/style><div class=\"stk-column-wrapper stk-block-column__content stk-container stk-cc80ed3-container stk--no-background stk--no-padding\"><div class=\"stk--column-flex stk-block-content stk-inner-blocks stk-cc80ed3-inner-blocks\">\n<div class=\"wp-block-stackable-heading stk-block-heading stk-block-heading--v2 stk-block stk-d1e1d0b\" id=\"feeling-lost-on-where-to-begin\" data-block-id=\"d1e1d0b\"><style>.stk-d1e1d0b .stk-block-heading__text{color:var(--theme-palette-color-8,#ffffff) !important;font-weight:900 !important;font-family:\"Montserrat\",Sans-serif !important}@media screen and (max-width:689px){.stk-d1e1d0b .stk-block-heading__text{font-size:28px !important}}<\/style><h2 class=\"stk-block-heading__text has-text-color has-text-align-center-mobile\">\u00bfSE SIENTE P\u00c9RDIDO EN D\u00d3NDE EMPEZAR?<\/h2><\/div>\n\n\n\n<div class=\"wp-block-stackable-heading stk-block-heading stk-block-heading--v2 stk-block stk-18af2c1\" id=\"feeling-lost-on-where-to-begin-dive-into-our-projects-for-guidance-and-inspiration\" data-block-id=\"18af2c1\"><style>.stk-18af2c1{margin-top:-26px !important}.stk-18af2c1 .stk-block-heading__text{font-size:57px !important;color:var(--theme-palette-color-8,#ffffff) !important;font-weight:900 !important;font-family:\"Montserrat\",Sans-serif !important}@media screen and (max-width:999px){.stk-18af2c1 .stk-block-heading__text{font-size:39px !important}}@media screen and (max-width:689px){.stk-18af2c1{margin-top:-25px !important}.stk-18af2c1 .stk-block-heading__text{font-size:15px !important}}<\/style><h2 class=\"stk-block-heading__text has-text-color has-text-align-center\">SUMERGIRSE EN NUESTROS PROYECTOS PARA <br>ORIENTACI\u00d3N E INSPIRACI\u00d3N<\/h2><\/div>\n\n\n\n<div class=\"wp-block-stackable-button-group stk-block-button-group stk-block stk-b3784ab\" data-block-id=\"b3784ab\"><div class=\"stk-row stk-inner-blocks stk-block-content stk-button-group\">\n<div class=\"wp-block-stackable-button stk-block-button stk-block stk-893eaf2\" data-block-id=\"893eaf2\"><style>.stk-893eaf2 .stk-button{padding-top:9px !important;padding-right:27px !important;padding-bottom:9px !important;padding-left:27px !important;background:#3b6aae !important}.stk-893eaf2 .stk-button__inner-text{font-size:19px !important;font-weight:600 !important;font-family:\"Montserrat\",Sans-serif !important}@media screen and (max-width:999px){.stk-893eaf2 .stk-button__inner-text{font-size:19px !important}}<\/style><a class=\"stk-link stk-button stk--hover-effect-darken\" href=\"https:\/\/chispasconstruction2in1.com\/es\/about\/\"><span class=\"stk-button__inner-text\">Contactanos<\/span><\/a><\/div>\n<\/div><\/div>\n<\/div><\/div><\/div>\n<\/div><\/div>\n\n\n\n<div class=\"wp-block-stackable-separator alignfull stk-block-separator stk--no-padding stk-block stk-54fbee0\" data-block-id=\"54fbee0\"><style>.stk-54fbee0{margin-top:-200px !important}<\/style><div class=\"stk-block-separator__inner\"><svg xmlns=\"http:\/\/www.w3.org\/2000\/svg\" viewbox=\"0 0 1600 200\" class=\"stk-separator__layer-1\" preserveaspectratio=\"none\" aria-hidden=\"true\"><path class=\"wave-1_svg__st2\" d=\"M1341.4 48.9c-182.4 0-254.2 80.4-429.4 80.4-117.8 0-209.7-67.5-393.5-67.5-142.2 0-212.6 38.8-324.6 38.8S-10 64.7-10 64.7V210h1620V102c-110.6-40.2-181-53.1-268.6-53.1z\"><\/path><\/svg><\/div><\/div>\n\n\n\n<div class=\"wp-block-stackable-columns stk-block-columns stk-block stk-9e69ad2\" data-block-id=\"9e69ad2\"><div class=\"stk-row stk-inner-blocks stk-block-content stk-content-align stk-9e69ad2-column\">\n<div class=\"wp-block-stackable-column stk-block-column stk-column stk-block stk-fe4614d\" data-v=\"4\" data-block-id=\"fe4614d\"><div class=\"stk-column-wrapper stk-block-column__content stk-container stk-fe4614d-container stk--no-background stk--no-padding\"><div class=\"stk-block-content stk-inner-blocks stk-fe4614d-inner-blocks\">\n<div class=\"wp-block-stackable-image stk-block-image stk-block stk-e4635d4\" data-block-id=\"e4635d4\"><style>.stk-e4635d4 .stk-img-wrapper{width:78% !important}.stk-e4635d4 .stk-img-wrapper img{border-radius:35px !important}<\/style><figure><span class=\"stk-img-wrapper stk-image--shape-stretch\"><img loading=\"lazy\" decoding=\"async\" class=\"stk-img wp-image-464\" src=\"https:\/\/chispasconstruction2in1.com\/wp-content\/uploads\/2024\/05\/1-2.webp\" width=\"1000\" height=\"1000\" srcset=\"https:\/\/chispasconstruction2in1.com\/wp-content\/uploads\/2024\/05\/1-2.webp 1000w, https:\/\/chispasconstruction2in1.com\/wp-content\/uploads\/2024\/05\/1-2-300x300.webp 300w, https:\/\/chispasconstruction2in1.com\/wp-content\/uploads\/2024\/05\/1-2-150x150.webp 150w, https:\/\/chispasconstruction2in1.com\/wp-content\/uploads\/2024\/05\/1-2-768x768.webp 768w, https:\/\/chispasconstruction2in1.com\/wp-content\/uploads\/2024\/05\/1-2-12x12.webp 12w\" sizes=\"(max-width: 1000px) 100vw, 1000px\" \/><\/span><\/figure><\/div>\n<\/div><\/div><\/div>\n\n\n\n<div class=\"wp-block-stackable-column stk-block-column stk-column stk-block stk-4358950\" data-v=\"4\" data-block-id=\"4358950\"><div class=\"stk-column-wrapper stk-block-column__content stk-container stk-4358950-container stk--no-background stk--no-padding\"><div class=\"stk-block-content stk-inner-blocks stk-4358950-inner-blocks\">\n<div class=\"wp-block-stackable-image stk-block-image stk-block stk-25ef0d0\" data-block-id=\"25ef0d0\"><style>.stk-25ef0d0 .stk-img-wrapper{width:78% !important}.stk-25ef0d0 .stk-img-wrapper img{border-radius:35px !important}<\/style><figure><span class=\"stk-img-wrapper stk-image--shape-stretch\"><img loading=\"lazy\" decoding=\"async\" class=\"stk-img wp-image-465\" src=\"https:\/\/chispasconstruction2in1.com\/wp-content\/uploads\/2024\/05\/1.5.webp\" width=\"1000\" height=\"1000\" srcset=\"https:\/\/chispasconstruction2in1.com\/wp-content\/uploads\/2024\/05\/1.5.webp 1000w, https:\/\/chispasconstruction2in1.com\/wp-content\/uploads\/2024\/05\/1.5-300x300.webp 300w, https:\/\/chispasconstruction2in1.com\/wp-content\/uploads\/2024\/05\/1.5-150x150.webp 150w, https:\/\/chispasconstruction2in1.com\/wp-content\/uploads\/2024\/05\/1.5-768x768.webp 768w, https:\/\/chispasconstruction2in1.com\/wp-content\/uploads\/2024\/05\/1.5-12x12.webp 12w\" sizes=\"(max-width: 1000px) 100vw, 1000px\" \/><\/span><\/figure><\/div>\n<\/div><\/div><\/div>\n<\/div><\/div>\n\n\n\n<div class=\"wp-block-stackable-columns stk-block-columns stk-block stk-35a80d1\" data-block-id=\"35a80d1\"><div class=\"stk-row stk-inner-blocks stk-block-content stk-content-align stk-35a80d1-column\">\n<div class=\"wp-block-stackable-column stk-block-column stk-column stk-block stk-c726323\" data-v=\"4\" data-block-id=\"c726323\"><div class=\"stk-column-wrapper stk-block-column__content stk-container stk-c726323-container stk--no-background stk--no-padding\"><div class=\"stk-block-content stk-inner-blocks stk-c726323-inner-blocks\">\n<div class=\"wp-block-stackable-image stk-block-image stk-block stk-34a4972\" data-block-id=\"34a4972\"><style>.stk-34a4972 .stk-img-wrapper{width:78% !important}.stk-34a4972 .stk-img-wrapper img{border-radius:35px !important}<\/style><figure><span class=\"stk-img-wrapper stk-image--shape-stretch\"><img loading=\"lazy\" decoding=\"async\" class=\"stk-img wp-image-467\" src=\"https:\/\/chispasconstruction2in1.com\/wp-content\/uploads\/2024\/05\/2-2.webp\" width=\"1000\" height=\"1000\" srcset=\"https:\/\/chispasconstruction2in1.com\/wp-content\/uploads\/2024\/05\/2-2.webp 1000w, https:\/\/chispasconstruction2in1.com\/wp-content\/uploads\/2024\/05\/2-2-300x300.webp 300w, https:\/\/chispasconstruction2in1.com\/wp-content\/uploads\/2024\/05\/2-2-150x150.webp 150w, https:\/\/chispasconstruction2in1.com\/wp-content\/uploads\/2024\/05\/2-2-768x768.webp 768w, https:\/\/chispasconstruction2in1.com\/wp-content\/uploads\/2024\/05\/2-2-12x12.webp 12w\" sizes=\"(max-width: 1000px) 100vw, 1000px\" \/><\/span><\/figure><\/div>\n<\/div><\/div><\/div>\n\n\n\n<div class=\"wp-block-stackable-column stk-block-column stk-column stk-block stk-d22e45d\" data-v=\"4\" data-block-id=\"d22e45d\"><div class=\"stk-column-wrapper stk-block-column__content stk-container stk-d22e45d-container stk--no-background stk--no-padding\"><div class=\"stk-block-content stk-inner-blocks stk-d22e45d-inner-blocks\">\n<div class=\"wp-block-stackable-image stk-block-image stk-block stk-246cd1e\" data-block-id=\"246cd1e\"><style>.stk-246cd1e .stk-img-wrapper{width:78% !important}.stk-246cd1e .stk-img-wrapper img{border-radius:35px !important}<\/style><figure><span class=\"stk-img-wrapper stk-image--shape-stretch\"><img loading=\"lazy\" decoding=\"async\" class=\"stk-img wp-image-468\" src=\"https:\/\/chispasconstruction2in1.com\/wp-content\/uploads\/2024\/05\/2.5.webp\" width=\"1000\" height=\"1000\" srcset=\"https:\/\/chispasconstruction2in1.com\/wp-content\/uploads\/2024\/05\/2.5.webp 1000w, https:\/\/chispasconstruction2in1.com\/wp-content\/uploads\/2024\/05\/2.5-300x300.webp 300w, https:\/\/chispasconstruction2in1.com\/wp-content\/uploads\/2024\/05\/2.5-150x150.webp 150w, https:\/\/chispasconstruction2in1.com\/wp-content\/uploads\/2024\/05\/2.5-768x768.webp 768w, https:\/\/chispasconstruction2in1.com\/wp-content\/uploads\/2024\/05\/2.5-12x12.webp 12w\" sizes=\"(max-width: 1000px) 100vw, 1000px\" \/><\/span><\/figure><\/div>\n<\/div><\/div><\/div>\n<\/div><\/div>\n\n\n\n<div class=\"wp-block-stackable-columns stk-block-columns stk-block stk-506a472\" data-block-id=\"506a472\"><div class=\"stk-row stk-inner-blocks stk-block-content stk-content-align stk-506a472-column\">\n<div class=\"wp-block-stackable-column stk-block-column stk-column stk-block stk-ab0058d\" data-v=\"4\" data-block-id=\"ab0058d\"><div class=\"stk-column-wrapper stk-block-column__content stk-container stk-ab0058d-container stk--no-background stk--no-padding\"><div class=\"stk-block-content stk-inner-blocks stk-ab0058d-inner-blocks\">\n<div class=\"wp-block-stackable-image stk-block-image stk-block stk-42a4227\" data-block-id=\"42a4227\"><style>.stk-42a4227 .stk-img-wrapper{width:78% !important}.stk-42a4227 .stk-img-wrapper img{border-radius:35px !important}<\/style><figure><span class=\"stk-img-wrapper stk-image--shape-stretch\"><img loading=\"lazy\" decoding=\"async\" class=\"stk-img wp-image-688\" src=\"https:\/\/chispasconstruction2in1.com\/wp-content\/uploads\/2024\/06\/ANTES-1.webp\" width=\"1000\" height=\"1000\" srcset=\"https:\/\/chispasconstruction2in1.com\/wp-content\/uploads\/2024\/06\/ANTES-1.webp 1000w, https:\/\/chispasconstruction2in1.com\/wp-content\/uploads\/2024\/06\/ANTES-1-300x300.webp 300w, https:\/\/chispasconstruction2in1.com\/wp-content\/uploads\/2024\/06\/ANTES-1-150x150.webp 150w, https:\/\/chispasconstruction2in1.com\/wp-content\/uploads\/2024\/06\/ANTES-1-768x768.webp 768w, https:\/\/chispasconstruction2in1.com\/wp-content\/uploads\/2024\/06\/ANTES-1-12x12.webp 12w\" sizes=\"(max-width: 1000px) 100vw, 1000px\" \/><\/span><\/figure><\/div>\n<\/div><\/div><\/div>\n\n\n\n<div class=\"wp-block-stackable-column stk-block-column stk-column stk-block stk-c37db13\" data-v=\"4\" data-block-id=\"c37db13\"><div class=\"stk-column-wrapper stk-block-column__content stk-container stk-c37db13-container stk--no-background stk--no-padding\"><div class=\"stk-block-content stk-inner-blocks stk-c37db13-inner-blocks\">\n<div class=\"wp-block-stackable-image stk-block-image stk-block stk-b94f9dd\" data-block-id=\"b94f9dd\"><style>.stk-b94f9dd .stk-img-wrapper{width:78% !important}.stk-b94f9dd .stk-img-wrapper img{border-radius:35px !important}<\/style><figure><span class=\"stk-img-wrapper stk-image--shape-stretch\"><img loading=\"lazy\" decoding=\"async\" class=\"stk-img wp-image-690\" src=\"https:\/\/chispasconstruction2in1.com\/wp-content\/uploads\/2024\/06\/DESPUES.webp\" width=\"1000\" height=\"1000\" srcset=\"https:\/\/chispasconstruction2in1.com\/wp-content\/uploads\/2024\/06\/DESPUES.webp 1000w, https:\/\/chispasconstruction2in1.com\/wp-content\/uploads\/2024\/06\/DESPUES-300x300.webp 300w, https:\/\/chispasconstruction2in1.com\/wp-content\/uploads\/2024\/06\/DESPUES-150x150.webp 150w, https:\/\/chispasconstruction2in1.com\/wp-content\/uploads\/2024\/06\/DESPUES-768x768.webp 768w, https:\/\/chispasconstruction2in1.com\/wp-content\/uploads\/2024\/06\/DESPUES-12x12.webp 12w\" sizes=\"(max-width: 1000px) 100vw, 1000px\" \/><\/span><\/figure><\/div>\n<\/div><\/div><\/div>\n<\/div><\/div>\n\n\n\n<div class=\"wp-block-stackable-columns stk-block-columns stk-block stk-423e01e\" data-block-id=\"423e01e\"><div class=\"stk-row stk-inner-blocks stk-block-content stk-content-align stk-423e01e-column\">\n<div class=\"wp-block-stackable-column stk-block-column stk-column stk-block stk-fc62369\" data-v=\"4\" data-block-id=\"fc62369\"><div class=\"stk-column-wrapper stk-block-column__content stk-container stk-fc62369-container stk--no-background stk--no-padding\"><div class=\"stk-block-content stk-inner-blocks stk-fc62369-inner-blocks\">\n<div class=\"wp-block-stackable-image stk-block-image stk-block stk-3f12d31\" data-block-id=\"3f12d31\"><style>.stk-3f12d31 .stk-img-wrapper{width:78% !important}.stk-3f12d31 .stk-img-wrapper img{border-radius:35px !important}<\/style><figure><span class=\"stk-img-wrapper stk-image--shape-stretch\"><img loading=\"lazy\" decoding=\"async\" class=\"stk-img wp-image-691\" src=\"https:\/\/chispasconstruction2in1.com\/wp-content\/uploads\/2024\/06\/ANTES-2.webp\" width=\"1000\" height=\"1000\" srcset=\"https:\/\/chispasconstruction2in1.com\/wp-content\/uploads\/2024\/06\/ANTES-2.webp 1000w, https:\/\/chispasconstruction2in1.com\/wp-content\/uploads\/2024\/06\/ANTES-2-300x300.webp 300w, https:\/\/chispasconstruction2in1.com\/wp-content\/uploads\/2024\/06\/ANTES-2-150x150.webp 150w, https:\/\/chispasconstruction2in1.com\/wp-content\/uploads\/2024\/06\/ANTES-2-768x768.webp 768w, https:\/\/chispasconstruction2in1.com\/wp-content\/uploads\/2024\/06\/ANTES-2-12x12.webp 12w\" sizes=\"(max-width: 1000px) 100vw, 1000px\" \/><\/span><\/figure><\/div>\n<\/div><\/div><\/div>\n\n\n\n<div class=\"wp-block-stackable-column stk-block-column stk-column stk-block stk-8735c2f\" data-v=\"4\" data-block-id=\"8735c2f\"><div class=\"stk-column-wrapper stk-block-column__content stk-container stk-8735c2f-container stk--no-background stk--no-padding\"><div class=\"stk-block-content stk-inner-blocks stk-8735c2f-inner-blocks\">\n<div class=\"wp-block-stackable-image stk-block-image stk-block stk-efd6931\" data-block-id=\"efd6931\"><style>.stk-efd6931 .stk-img-wrapper{width:78% !important}.stk-efd6931 .stk-img-wrapper img{border-radius:35px !important}<\/style><figure><span class=\"stk-img-wrapper stk-image--shape-stretch\"><img loading=\"lazy\" decoding=\"async\" class=\"stk-img wp-image-692\" src=\"https:\/\/chispasconstruction2in1.com\/wp-content\/uploads\/2024\/06\/DESPUES-2.webp\" width=\"1000\" height=\"1000\" srcset=\"https:\/\/chispasconstruction2in1.com\/wp-content\/uploads\/2024\/06\/DESPUES-2.webp 1000w, https:\/\/chispasconstruction2in1.com\/wp-content\/uploads\/2024\/06\/DESPUES-2-300x300.webp 300w, https:\/\/chispasconstruction2in1.com\/wp-content\/uploads\/2024\/06\/DESPUES-2-150x150.webp 150w, https:\/\/chispasconstruction2in1.com\/wp-content\/uploads\/2024\/06\/DESPUES-2-768x768.webp 768w, https:\/\/chispasconstruction2in1.com\/wp-content\/uploads\/2024\/06\/DESPUES-2-12x12.webp 12w\" sizes=\"(max-width: 1000px) 100vw, 1000px\" \/><\/span><\/figure><\/div>\n<\/div><\/div><\/div>\n<\/div><\/div>\n\n\n\n<div class=\"wp-block-stackable-columns alignfull stk-block-columns stk-block stk-95c3f3a stk-block-background stk--has-background-overlay\" data-block-id=\"95c3f3a\"><style>.stk-95c3f3a{background-image:url(https:\/\/chispasconstruction2in1.com\/wp-content\/uploads\/2024\/05\/Home-Page-Main-Pic-3.webp) !important;min-height:345px !important;margin-bottom:-65px !important}<\/style><div class=\"stk-row stk-inner-blocks stk-block-content stk-content-align stk-95c3f3a-column alignfull\">\n<div class=\"wp-block-stackable-column stk-block-column stk-column stk-block stk-296425b\" data-v=\"4\" data-block-id=\"296425b\"><div class=\"stk-column-wrapper stk-block-column__content stk-container stk-296425b-container stk--no-background stk--no-padding\"><div class=\"stk-block-content stk-inner-blocks stk-296425b-inner-blocks\">\n<div class=\"wp-block-stackable-heading stk-block-heading stk-block-heading--v2 stk-block stk-026fa3d\" id=\"bring-your-idea-to-life-by-using-the-paint-br-color-selector-from-sherwin-williams-br-br-click-the-logos-below-to-go-to-their-br-color-selector-page-br-sherwin-williams\" data-block-id=\"026fa3d\"><style>.stk-026fa3d .stk-block-heading__text{font-size:33px !important;color:var(--theme-palette-color-8,#ffffff) !important;font-weight:900 !important;font-family:\"Montserrat\",Sans-serif !important}@media screen and (max-width:999px){.stk-026fa3d .stk-block-heading__text{font-size:33px !important}}@media screen and (max-width:689px){.stk-026fa3d{margin-top:37px !important}.stk-026fa3d .stk-block-heading__text{font-size:14px !important}}<\/style><h2 class=\"stk-block-heading__text has-text-color has-text-align-center\">Da vida a tu idea usando la pintura. <br>selector de color de Sherwin Williams.<br><br>Haga clic en los logotipos a continuaci\u00f3n para ir a su <br>p\u00e1gina de selecci\u00f3n de color.<br>SHERWIN WILLIAMS.<\/h2><\/div>\n\n\n\n<div class=\"wp-block-stackable-button-group stk-block-button-group stk-block stk-77671b4\" data-block-id=\"77671b4\"><style>.stk-77671b4{margin-top:-90px !important}<\/style><div class=\"stk-row stk-inner-blocks has-text-align-center stk-block-content stk-button-group\">\n<div class=\"wp-block-stackable-button stk-block-button stk-block stk-1c392b7\" data-block-id=\"1c392b7\"><style>.stk-1c392b7{align-items:center !important;padding-top:86px !important;margin-bottom:34px !important;display:flex !important}.stk-1c392b7 .stk-button{background:#3b6aae !important}.stk-1c392b7 .stk-button__inner-text{font-weight:600 !important;font-family:\"Montserrat\",Sans-serif !important}<\/style><a class=\"stk-link stk-button stk--hover-effect-darken\" href=\"https:\/\/www.sherwin-williams.com\/painting-contractors\/color\/find-and-explore-colors\/color-collections\/vinylsafe-colors-for-vinyl-siding?gad_source=1&amp;gclid=Cj0KCQjwltKxBhDMARIsAG8KnqXcDKTzTiTvPwBdGoUV1r7Aci7_HSjh4lUSyidWZmtUFA-Gu4NGwVAaAhPhEALw_wcB\" target=\"_blank\" rel=\"noreferrer noopener\"><span class=\"stk-button__inner-text\">Selector de color de pintura<\/span><\/a><\/div>\n<\/div><\/div>\n<\/div><\/div><\/div>\n<\/div><\/div>","protected":false},"excerpt":{"rendered":"<p>FEELING LOST ON WHERE TO BEGIN? DIVE INTO OUR PROJECTS FOR GUIDANCE AND INSPIRATION Get In Touch FEELING LOST ON WHERE TO BEGIN? DIVE INTO OUR PROJECTS FOR GUIDANCE AND INSPIRATION Get In Touch Bring your idea to life by using the paint color selector from Sherwin Williams. Click the logos below to go to [&hellip;]<\/p>","protected":false},"author":1,"featured_media":0,"parent":0,"menu_order":0,"comment_status":"closed","ping_status":"closed","template":"","meta":{"_gspb_post_css":"","_monsterinsights_skip_tracking":false,"_monsterinsights_sitenote_active":false,"_monsterinsights_sitenote_note":"","_monsterinsights_sitenote_category":0,"footnotes":""},"blocksy_meta":{"has_hero_section":"disabled","styles_descriptor":{"styles":{"desktop":"","tablet":"","mobile":""},"google_fonts":[],"version":6}},"aioseo_notices":[],"_links":{"self":[{"href":"https:\/\/chispasconstruction2in1.com\/es\/wp-json\/wp\/v2\/pages\/17"}],"collection":[{"href":"https:\/\/chispasconstruction2in1.com\/es\/wp-json\/wp\/v2\/pages"}],"about":[{"href":"https:\/\/chispasconstruction2in1.com\/es\/wp-json\/wp\/v2\/types\/page"}],"author":[{"embeddable":true,"href":"https:\/\/chispasconstruction2in1.com\/es\/wp-json\/wp\/v2\/users\/1"}],"replies":[{"embeddable":true,"href":"https:\/\/chispasconstruction2in1.com\/es\/wp-json\/wp\/v2\/comments?post=17"}],"version-history":[{"count":27,"href":"https:\/\/chispasconstruction2in1.com\/es\/wp-json\/wp\/v2\/pages\/17\/revisions"}],"predecessor-version":[{"id":693,"href":"https:\/\/chispasconstruction2in1.com\/es\/wp-json\/wp\/v2\/pages\/17\/revisions\/693"}],"wp:attachment":[{"href":"https:\/\/chispasconstruction2in1.com\/es\/wp-json\/wp\/v2\/media?parent=17"}],"curies":[{"name":"wp","href":"https:\/\/api.w.org\/{rel}","templated":true}]}}